{"id":5843,"date":"2018-11-16T14:50:38","date_gmt":"2018-11-16T14:50:38","guid":{"rendered":"https:\/\/gauche64.com\/?page_id=5843"},"modified":"2025-10-06T10:14:25","modified_gmt":"2025-10-06T10:14:25","slug":"mentions-legales","status":"publish","type":"page","link":"https:\/\/gauche64.com\/?page_id=5843","title":{"rendered":"MENTIONS LEGALES"},"content":{"rendered":"\n<p>&nbsp;<\/p>\n\n\n\n<p class=\"has-text-align-left\">Conform\u00e9ment aux dispositions de la loi n\u00b0 2004-575 du 21 juin 2004 pour la confiance en l&rsquo;\u00e9conomie num\u00e9rique, il est pr\u00e9cis\u00e9 aux utilisateurs du site <strong>gauche64.com<\/strong> l&rsquo;identit\u00e9 des diff\u00e9rents intervenants dans le cadre de sa r\u00e9alisation et de son suivi.<\/p>\n\n\n\n<h4 class=\"wp-block-heading\">1. \u00c9diteur du site<\/h4>\n\n\n\n<p>Le site <strong>gauche64.com<\/strong> est \u00e9dit\u00e9 par :<\/p>\n\n\n\n<ul class=\"wp-block-list\">\n<li>GAUCHE64 &#8211;&nbsp;Groupe des \u00e9lus de gauche du D\u00e9partement des Pyr\u00e9n\u00e9es-Atlantiques<\/li>\n\n\n\n<li>Responsable \u00e9ditorial : St\u00e9phanie Maza, pour la Gauche64<\/li>\n\n\n\n<li>Adresse : 64 Avenue Jean Biray, 64000 Pau<\/li>\n\n\n\n<li>T\u00e9l\u00e9phone&nbsp; : 0559114489<\/li>\n\n\n\n<li>E-mail : contact@gauche64.com<\/li>\n\n\n\n<li>Site Web : <a href=\"https:\/\/www.gauche64.com\">www.gauche64.com<\/a><\/li>\n<\/ul>\n\n\n\n<h4 class=\"wp-block-heading\">2. H\u00e9bergeur du site<\/h4>\n\n\n\n<p>Le site <strong>gauche64.com<\/strong> est h\u00e9berg\u00e9 par :<\/p>\n\n\n\n<ul class=\"wp-block-list\">\n<li>H\u00e9bergeur : OVH SAS<\/li>\n\n\n\n<li>RCS Lille M\u00e9tropole 424 761 419 00045<\/li>\n\n\n\n<li>Code APE 2620Z<\/li>\n\n\n\n<li>N\u00b0 TVA : FR 22 424 761 419<\/li>\n\n\n\n<li>2 rue Kellermann &#8211; 59100 Roubaix &#8211; France<\/li>\n\n\n\n<li>Site Web : <a href=\"https:\/\/www.ovh.com\">www.ovh.com<\/a><\/li>\n<\/ul>\n\n\n\n<h4 class=\"wp-block-heading\">3. Propri\u00e9t\u00e9 intellectuelle<\/h4>\n\n\n\n<p>Sauf mention contraire, tous les \u00e9l\u00e9ments accessibles sur le site <strong>gauche64.com<\/strong> (textes, images, graphismes, logos, ic\u00f4nes, sons, logiciels, etc.) sont la propri\u00e9t\u00e9 exclusive de leur auteur, qu&rsquo;il s&rsquo;agisse de l&rsquo;\u00e9diteur du site ou de ses partenaires. Toute reproduction, repr\u00e9sentation, modification, publication, adaptation de tout ou partie des \u00e9l\u00e9ments du site, quel que soit le moyen ou le proc\u00e9d\u00e9 utilis\u00e9, est interdite, sauf autorisation \u00e9crite pr\u00e9alable de l&rsquo;auteur.<\/p>\n\n\n\n<p>Certaines images et photos proviennent de stocks d&rsquo;images en licence libre de droits, apr\u00e8s souscription ou non \u00e0 un plan.<br>Les sites principaux de stock de photos sont : AdobeStock, Freepik.com, pixabay.com, pxhere.com et pexels.com<br>Les fichiers images du site sont intitul\u00e9s ainsi : [nom_du_fichier]@[auteur]-[nom_du_stock].jpg. L&rsquo;auteur de la photo ou image, et nom du stock.<br>Par exemple : Vivre-ensemble-1600&#215;900@maximkostenko-freepik.com.jpg.<\/p>\n\n\n\n<h4 class=\"wp-block-heading\">4. Donn\u00e9es personnelles et politique de confidentialit\u00e9<\/h4>\n\n\n\n<p>Le site <strong>gauche64.com<\/strong> s&rsquo;engage \u00e0 prot\u00e9ger les donn\u00e9es personnelles de ses utilisateurs. Pour plus d&rsquo;informations sur la mani\u00e8re dont vos donn\u00e9es sont collect\u00e9es et trait\u00e9es, veuillez consulter notre <strong><a href=\"https:\/\/gauche64.com\/politique-de-confidentialite\/\" data-type=\"page\" data-id=\"10779\">Politique de confidentialit\u00e9<\/a><\/strong>.<\/p>\n\n\n\n<h4 class=\"wp-block-heading\">5. Politique de cookies<\/h4>\n\n\n\n<p>Le site <strong>gauche64.com<\/strong> utilise des cookies. Pour conna\u00eetre leur finalit\u00e9 et la mani\u00e8re de les g\u00e9rer, veuillez consulter notre <strong><a href=\"https:\/\/gauche64.com\/politique-de-cookies-ue\/\" data-type=\"page\" data-id=\"10981\">Politique de cookies<\/a><\/strong>.<\/p>\n\n\n\n<h4 class=\"wp-block-heading\">6. Droit applicable et attribution de juridiction<\/h4>\n\n\n\n<p>Tout litige en relation avec l&rsquo;utilisation du site <strong>gauche64.com<\/strong> est soumis au droit fran\u00e7ais. En dehors des cas o\u00f9 la loi ne le permet pas, il est fait attribution exclusive de juridiction aux tribunaux comp\u00e9tents de <strong>Pau<\/strong>.<\/p>\n\n\n\n<p><strong>Date de la derni\u00e8re mise \u00e0 jour :<\/strong> 09 septembre 2025<\/p>\n\n\n\n<h3 class=\"wp-block-heading\"><\/h3>\n\n\n\n<p><\/p>\n","protected":false},"excerpt":{"rendered":"<p>&nbsp; Conform\u00e9ment aux dispositions de la loi n\u00b0 2004-575 du 21 juin 2004 pour la confiance en l&rsquo;\u00e9conomie num\u00e9rique, il est pr\u00e9cis\u00e9 aux utilisateurs du site gauche64.com l&rsquo;identit\u00e9 des diff\u00e9rents intervenants dans le cadre de sa r\u00e9alisation et de son suivi. 1. \u00c9diteur du site Le site gauche64.com est \u00e9dit\u00e9 par : 2. H\u00e9bergeur du&#8230;<\/p>\n","protected":false},"author":2,"featured_media":0,"parent":0,"menu_order":0,"comment_status":"closed","ping_status":"closed","template":"","meta":{"_kad_post_transparent":"","_kad_post_title":"","_kad_post_layout":"","_kad_post_sidebar_id":"","_kad_post_content_style":"","_kad_post_vertical_padding":"","_kad_post_feature":"","_kad_post_feature_position":"","_kad_post_header":false,"_kad_post_footer":false,"_kad_post_classname":"","footnotes":""},"class_list":["post-5843","page","type-page","status-publish","hentry"],"yoast_head":"<!-- This site is optimized with the Yoast SEO plugin v27.3 - https:\/\/yoast.com\/product\/yoast-seo-wordpress\/ -->\n<title>MENTIONS LEGALES - gauche64<\/title>\n<meta name=\"robots\" content=\"index, follow, max-snippet:-1, max-image-preview:large, max-video-preview:-1\" \/>\n<link rel=\"canonical\" href=\"https:\/\/gauche64.com\/?page_id=5843\" \/>\n<meta property=\"og:locale\" content=\"fr_FR\" \/>\n<meta property=\"og:type\" content=\"article\" \/>\n<meta property=\"og:title\" content=\"MENTIONS LEGALES - gauche64\" \/>\n<meta property=\"og:description\" content=\"&nbsp; Conform\u00e9ment aux dispositions de la loi n\u00b0 2004-575 du 21 juin 2004 pour la confiance en l&rsquo;\u00e9conomie num\u00e9rique, il est pr\u00e9cis\u00e9 aux utilisateurs du site gauche64.com l&rsquo;identit\u00e9 des diff\u00e9rents intervenants dans le cadre de sa r\u00e9alisation et de son suivi. 1. \u00c9diteur du site Le site gauche64.com est \u00e9dit\u00e9 par : 2. H\u00e9bergeur du...\" \/>\n<meta property=\"og:url\" content=\"https:\/\/gauche64.com\/?page_id=5843\" \/>\n<meta property=\"og:site_name\" content=\"gauche64\" \/>\n<meta property=\"article:publisher\" content=\"https:\/\/www.facebook.com\/gauche64\" \/>\n<meta property=\"article:modified_time\" content=\"2025-10-06T10:14:25+00:00\" \/>\n<meta name=\"twitter:card\" content=\"summary_large_image\" \/>\n<meta name=\"twitter:label1\" content=\"Dur\u00e9e de lecture estim\u00e9e\" \/>\n\t<meta name=\"twitter:data1\" content=\"2 minutes\" \/>\n<script type=\"application\/ld+json\" class=\"yoast-schema-graph\">{\"@context\":\"https:\\\/\\\/schema.org\",\"@graph\":[{\"@type\":\"WebPage\",\"@id\":\"https:\\\/\\\/gauche64.com\\\/?page_id=5843\",\"url\":\"https:\\\/\\\/gauche64.com\\\/?page_id=5843\",\"name\":\"MENTIONS LEGALES - gauche64\",\"isPartOf\":{\"@id\":\"https:\\\/\\\/gauche64.com\\\/#website\"},\"datePublished\":\"2018-11-16T14:50:38+00:00\",\"dateModified\":\"2025-10-06T10:14:25+00:00\",\"breadcrumb\":{\"@id\":\"https:\\\/\\\/gauche64.com\\\/?page_id=5843#breadcrumb\"},\"inLanguage\":\"fr-FR\",\"potentialAction\":[{\"@type\":\"ReadAction\",\"target\":[\"https:\\\/\\\/gauche64.com\\\/?page_id=5843\"]}]},{\"@type\":\"BreadcrumbList\",\"@id\":\"https:\\\/\\\/gauche64.com\\\/?page_id=5843#breadcrumb\",\"itemListElement\":[{\"@type\":\"ListItem\",\"position\":1,\"name\":\"Accueil\",\"item\":\"https:\\\/\\\/gauche64.com\\\/\"},{\"@type\":\"ListItem\",\"position\":2,\"name\":\"MENTIONS LEGALES\"}]},{\"@type\":\"WebSite\",\"@id\":\"https:\\\/\\\/gauche64.com\\\/#website\",\"url\":\"https:\\\/\\\/gauche64.com\\\/\",\"name\":\"gauche64\",\"description\":\"Groupe des Elus de Gauche du D\u00e9partement des Pyr\u00e9n\u00e9es-Atlantiques\",\"publisher\":{\"@id\":\"https:\\\/\\\/gauche64.com\\\/#organization\"},\"potentialAction\":[{\"@type\":\"SearchAction\",\"target\":{\"@type\":\"EntryPoint\",\"urlTemplate\":\"https:\\\/\\\/gauche64.com\\\/?s={search_term_string}\"},\"query-input\":{\"@type\":\"PropertyValueSpecification\",\"valueRequired\":true,\"valueName\":\"search_term_string\"}}],\"inLanguage\":\"fr-FR\"},{\"@type\":\"Organization\",\"@id\":\"https:\\\/\\\/gauche64.com\\\/#organization\",\"name\":\"gauche64\",\"url\":\"https:\\\/\\\/gauche64.com\\\/\",\"logo\":{\"@type\":\"ImageObject\",\"inLanguage\":\"fr-FR\",\"@id\":\"https:\\\/\\\/gauche64.com\\\/#\\\/schema\\\/logo\\\/image\\\/\",\"url\":\"https:\\\/\\\/gauche64.com\\\/wp-content\\\/uploads\\\/2025\\\/07\\\/logo-gauche-64-260x60-1.png\",\"contentUrl\":\"https:\\\/\\\/gauche64.com\\\/wp-content\\\/uploads\\\/2025\\\/07\\\/logo-gauche-64-260x60-1.png\",\"width\":260,\"height\":60,\"caption\":\"gauche64\"},\"image\":{\"@id\":\"https:\\\/\\\/gauche64.com\\\/#\\\/schema\\\/logo\\\/image\\\/\"},\"sameAs\":[\"https:\\\/\\\/www.facebook.com\\\/gauche64\"]}]}<\/script>\n<!-- \/ Yoast SEO plugin. -->","yoast_head_json":{"title":"MENTIONS LEGALES - gauche64","robots":{"index":"index","follow":"follow","max-snippet":"max-snippet:-1","max-image-preview":"max-image-preview:large","max-video-preview":"max-video-preview:-1"},"canonical":"https:\/\/gauche64.com\/?page_id=5843","og_locale":"fr_FR","og_type":"article","og_title":"MENTIONS LEGALES - gauche64","og_description":"&nbsp; Conform\u00e9ment aux dispositions de la loi n\u00b0 2004-575 du 21 juin 2004 pour la confiance en l&rsquo;\u00e9conomie num\u00e9rique, il est pr\u00e9cis\u00e9 aux utilisateurs du site gauche64.com l&rsquo;identit\u00e9 des diff\u00e9rents intervenants dans le cadre de sa r\u00e9alisation et de son suivi. 1. \u00c9diteur du site Le site gauche64.com est \u00e9dit\u00e9 par : 2. H\u00e9bergeur du...","og_url":"https:\/\/gauche64.com\/?page_id=5843","og_site_name":"gauche64","article_publisher":"https:\/\/www.facebook.com\/gauche64","article_modified_time":"2025-10-06T10:14:25+00:00","twitter_card":"summary_large_image","twitter_misc":{"Dur\u00e9e de lecture estim\u00e9e":"2 minutes"},"schema":{"@context":"https:\/\/schema.org","@graph":[{"@type":"WebPage","@id":"https:\/\/gauche64.com\/?page_id=5843","url":"https:\/\/gauche64.com\/?page_id=5843","name":"MENTIONS LEGALES - gauche64","isPartOf":{"@id":"https:\/\/gauche64.com\/#website"},"datePublished":"2018-11-16T14:50:38+00:00","dateModified":"2025-10-06T10:14:25+00:00","breadcrumb":{"@id":"https:\/\/gauche64.com\/?page_id=5843#breadcrumb"},"inLanguage":"fr-FR","potentialAction":[{"@type":"ReadAction","target":["https:\/\/gauche64.com\/?page_id=5843"]}]},{"@type":"BreadcrumbList","@id":"https:\/\/gauche64.com\/?page_id=5843#breadcrumb","itemListElement":[{"@type":"ListItem","position":1,"name":"Accueil","item":"https:\/\/gauche64.com\/"},{"@type":"ListItem","position":2,"name":"MENTIONS LEGALES"}]},{"@type":"WebSite","@id":"https:\/\/gauche64.com\/#website","url":"https:\/\/gauche64.com\/","name":"gauche64","description":"Groupe des Elus de Gauche du D\u00e9partement des Pyr\u00e9n\u00e9es-Atlantiques","publisher":{"@id":"https:\/\/gauche64.com\/#organization"},"potentialAction":[{"@type":"SearchAction","target":{"@type":"EntryPoint","urlTemplate":"https:\/\/gauche64.com\/?s={search_term_string}"},"query-input":{"@type":"PropertyValueSpecification","valueRequired":true,"valueName":"search_term_string"}}],"inLanguage":"fr-FR"},{"@type":"Organization","@id":"https:\/\/gauche64.com\/#organization","name":"gauche64","url":"https:\/\/gauche64.com\/","logo":{"@type":"ImageObject","inLanguage":"fr-FR","@id":"https:\/\/gauche64.com\/#\/schema\/logo\/image\/","url":"https:\/\/gauche64.com\/wp-content\/uploads\/2025\/07\/logo-gauche-64-260x60-1.png","contentUrl":"https:\/\/gauche64.com\/wp-content\/uploads\/2025\/07\/logo-gauche-64-260x60-1.png","width":260,"height":60,"caption":"gauche64"},"image":{"@id":"https:\/\/gauche64.com\/#\/schema\/logo\/image\/"},"sameAs":["https:\/\/www.facebook.com\/gauche64"]}]}},"_links":{"self":[{"href":"https:\/\/gauche64.com\/index.php?rest_route=\/wp\/v2\/pages\/5843","targetHints":{"allow":["GET"]}}],"collection":[{"href":"https:\/\/gauche64.com\/index.php?rest_route=\/wp\/v2\/pages"}],"about":[{"href":"https:\/\/gauche64.com\/index.php?rest_route=\/wp\/v2\/types\/page"}],"author":[{"embeddable":true,"href":"https:\/\/gauche64.com\/index.php?rest_route=\/wp\/v2\/users\/2"}],"replies":[{"embeddable":true,"href":"https:\/\/gauche64.com\/index.php?rest_route=%2Fwp%2Fv2%2Fcomments&post=5843"}],"version-history":[{"count":3,"href":"https:\/\/gauche64.com\/index.php?rest_route=\/wp\/v2\/pages\/5843\/revisions"}],"predecessor-version":[{"id":11007,"href":"https:\/\/gauche64.com\/index.php?rest_route=\/wp\/v2\/pages\/5843\/revisions\/11007"}],"wp:attachment":[{"href":"https:\/\/gauche64.com\/index.php?rest_route=%2Fwp%2Fv2%2Fmedia&parent=5843"}],"curies":[{"name":"wp","href":"https:\/\/api.w.org\/{rel}","templated":true}]}}