{"id":5631,"date":"2017-09-03T00:55:47","date_gmt":"2017-09-03T00:55:47","guid":{"rendered":"http:\/\/themenectar.com\/demo\/salient-business-2\/?page_id=5631"},"modified":"2025-10-27T20:25:41","modified_gmt":"2025-10-27T20:25:41","slug":"contact","status":"publish","type":"page","link":"https:\/\/gauche64.com\/?page_id=5631","title":{"rendered":"CONTACT"},"content":{"rendered":"\t\t<div data-elementor-type=\"wp-page\" data-elementor-id=\"5631\" class=\"elementor elementor-5631\" data-elementor-post-type=\"page\">\n\t\t\t\t<div class=\"elementor-element elementor-element-5e6c4a8 e-flex e-con-boxed e-con e-parent\" data-id=\"5e6c4a8\" data-element_type=\"container\" data-e-type=\"container\" data-settings=\"{&quot;background_background&quot;:&quot;classic&quot;}\">\n\t\t\t\t\t<div class=\"e-con-inner\">\n\t\t\t\t\t<\/div>\n\t\t\t\t<\/div>\n\t\t<div class=\"elementor-element elementor-element-3ebbeaa e-flex e-con-boxed e-con e-parent\" data-id=\"3ebbeaa\" data-element_type=\"container\" data-e-type=\"container\">\n\t\t\t\t\t<div class=\"e-con-inner\">\n\t\t\t\t<div class=\"elementor-element elementor-element-ca10cf0 elementor-widget elementor-widget-spacer\" data-id=\"ca10cf0\" data-element_type=\"widget\" data-e-type=\"widget\" data-widget_type=\"spacer.default\">\n\t\t\t\t\t\t\t<div class=\"elementor-spacer\">\n\t\t\t<div class=\"elementor-spacer-inner\"><\/div>\n\t\t<\/div>\n\t\t\t\t\t\t<\/div>\n\t\t\t\t\t<\/div>\n\t\t\t\t<\/div>\n\t\t<div class=\"elementor-element elementor-element-a0c23a0 e-flex e-con-boxed e-con e-parent\" data-id=\"a0c23a0\" data-element_type=\"container\" data-e-type=\"container\">\n\t\t\t\t\t<div class=\"e-con-inner\">\n\t\t<div class=\"elementor-element elementor-element-4814df4 e-con-full e-flex e-con e-child\" data-id=\"4814df4\" data-element_type=\"container\" data-e-type=\"container\">\n\t\t\t\t<div class=\"elementor-element elementor-element-1d5771e elementor-widget elementor-widget-text-editor\" data-id=\"1d5771e\" data-element_type=\"widget\" data-e-type=\"widget\" data-widget_type=\"text-editor.default\">\n\t\t\t\t\t\t\t\t\t<p style=\"text-align: left;\">Gardons le <span style=\"color: #be1e2d;\"><strong>contact <\/strong><\/span>!<\/p>\t\t\t\t\t\t\t\t<\/div>\n\t\t\t\t<\/div>\n\t\t<div class=\"elementor-element elementor-element-5f95d01 e-con-full e-flex e-con e-child\" data-id=\"5f95d01\" data-element_type=\"container\" data-e-type=\"container\">\n\t\t\t\t<\/div>\n\t\t\t\t\t<\/div>\n\t\t\t\t<\/div>\n\t\t<div class=\"elementor-element elementor-element-fefad62 e-flex e-con-boxed e-con e-parent\" data-id=\"fefad62\" data-element_type=\"container\" data-e-type=\"container\">\n\t\t\t\t\t<div class=\"e-con-inner\">\n\t\t<div class=\"elementor-element elementor-element-63a5c9c e-con-full e-flex e-con e-child\" data-id=\"63a5c9c\" data-element_type=\"container\" data-e-type=\"container\">\n\t\t\t\t<div class=\"elementor-element elementor-element-4baa2ab5 elementor-widget elementor-widget-text-editor\" data-id=\"4baa2ab5\" data-element_type=\"widget\" data-e-type=\"widget\" data-widget_type=\"text-editor.default\">\n\t\t\t\t\t\t\t\t\t<h3 class=\"wp-block-heading\">Une question ? Un projet ? N&rsquo;h\u00e9sitez pas \u00e0 nous contacter.<\/h3>\n<p><!-- \/wp:heading --><!-- wp:paragraph --><\/p>\n<p><strong>GAUCHE64<\/strong> \u2013 Groupe des \u00e9lus de gauche du D\u00e9partement des Pyr\u00e9n\u00e9es-Atlantiques<br \/><strong>Adresse<\/strong> : 64 Avenue Jean Biray, 64000 Pau<br \/><strong>T\u00e9l\u00e9phone<\/strong> : 05 59 11 44 89<\/p>\n<p><!-- \/wp:paragraph --><!-- wp:heading {\"level\":4} --><\/p>\n<h4 class=\"wp-block-heading\">contact@gauche64.com<\/h4>\n<p><!-- \/wp:heading --><!-- wp:paragraph --><\/p>\n<p><!-- \/wp:paragraph --><!-- wp:paragraph --><\/p>\n<p><!-- \/wp:paragraph --><\/p>\n<p>\u00a0<\/p>\t\t\t\t\t\t\t\t<\/div>\n\t\t\t\t<\/div>\n\t\t<div class=\"elementor-element elementor-element-0cadcd0 e-con-full e-flex e-con e-child\" data-id=\"0cadcd0\" data-element_type=\"container\" data-e-type=\"container\">\n\t\t\t\t<div class=\"elementor-element elementor-element-d1bf72f elementor-button-align-stretch elementor-widget elementor-widget-form\" data-id=\"d1bf72f\" data-element_type=\"widget\" data-e-type=\"widget\" data-settings=\"{&quot;step_next_label&quot;:&quot;Suivant&quot;,&quot;step_previous_label&quot;:&quot;Pr\\u00e9c\\u00e9dent&quot;,&quot;button_width&quot;:&quot;100&quot;,&quot;step_type&quot;:&quot;number_text&quot;,&quot;step_icon_shape&quot;:&quot;circle&quot;}\" data-widget_type=\"form.default\">\n\t\t\t\t\t\t\t<form class=\"elementor-form\" method=\"post\" name=\"Nouveau formulaire\" aria-label=\"Nouveau formulaire\">\n\t\t\t<input type=\"hidden\" name=\"post_id\" value=\"5631\"\/>\n\t\t\t<input type=\"hidden\" name=\"form_id\" value=\"d1bf72f\"\/>\n\t\t\t<input type=\"hidden\" name=\"referer_title\" value=\"CONTACT - gauche64\" \/>\n\n\t\t\t\t\t\t\t<input type=\"hidden\" name=\"queried_id\" value=\"5631\"\/>\n\t\t\t\n\t\t\t<div class=\"elementor-form-fields-wrapper elementor-labels-above\">\n\t\t\t\t\t\t\t\t<div class=\"elementor-field-type-text elementor-field-group elementor-column elementor-field-group-name elementor-col-100\">\n\t\t\t\t\t\t\t\t\t\t\t\t<label for=\"form-field-name\" class=\"elementor-field-label\">\n\t\t\t\t\t\t\t\tNom\/Pseudo\t\t\t\t\t\t\t<\/label>\n\t\t\t\t\t\t\t\t\t\t\t\t\t\t<input size=\"1\" type=\"text\" name=\"form_fields[name]\" id=\"form-field-name\" class=\"elementor-field elementor-size-sm  elementor-field-textual\" placeholder=\"Nom\/Pseudo\">\n\t\t\t\t\t\t\t\t\t\t\t<\/div>\n\t\t\t\t\t\t\t\t<div class=\"elementor-field-type-email elementor-field-group elementor-column elementor-field-group-email elementor-col-100 elementor-field-required\">\n\t\t\t\t\t\t\t\t\t\t\t\t<label for=\"form-field-email\" class=\"elementor-field-label\">\n\t\t\t\t\t\t\t\tE-mail\t\t\t\t\t\t\t<\/label>\n\t\t\t\t\t\t\t\t\t\t\t\t\t\t<input size=\"1\" type=\"email\" name=\"form_fields[email]\" id=\"form-field-email\" class=\"elementor-field elementor-size-sm  elementor-field-textual\" placeholder=\"E-mail\" required=\"required\">\n\t\t\t\t\t\t\t\t\t\t\t<\/div>\n\t\t\t\t\t\t\t\t<div class=\"elementor-field-type-text\">\n\t\t\t\t\t<input size=\"1\" type=\"text\" name=\"form_fields[phone]\" id=\"form-field-phone\" class=\"elementor-field elementor-size-sm \" style=\"display:none !important;\">\t\t\t\t<\/div>\n\t\t\t\t\t\t\t\t<div class=\"elementor-field-type-textarea elementor-field-group elementor-column elementor-field-group-message elementor-col-100\">\n\t\t\t\t\t\t\t\t\t\t\t\t<label for=\"form-field-message\" class=\"elementor-field-label\">\n\t\t\t\t\t\t\t\tMessage\t\t\t\t\t\t\t<\/label>\n\t\t\t\t\t\t<textarea class=\"elementor-field-textual elementor-field  elementor-size-sm\" name=\"form_fields[message]\" id=\"form-field-message\" rows=\"4\" placeholder=\"Message\"><\/textarea>\t\t\t\t<\/div>\n\t\t\t\t\t\t\t\t<div class=\"elementor-field-group elementor-column elementor-field-type-submit elementor-col-100 e-form__buttons\">\n\t\t\t\t\t<button class=\"elementor-button elementor-size-lg\" type=\"submit\">\n\t\t\t\t\t\t<span class=\"elementor-button-content-wrapper\">\n\t\t\t\t\t\t\t\t\t\t\t\t\t\t\t\t\t\t\t\t\t\t<span class=\"elementor-button-text\">Envoyer<\/span>\n\t\t\t\t\t\t\t\t\t\t\t\t\t<\/span>\n\t\t\t\t\t<\/button>\n\t\t\t\t<\/div>\n\t\t\t<\/div>\n\t\t<\/form>\n\t\t\t\t\t\t<\/div>\n\t\t\t\t<\/div>\n\t\t\t\t\t<\/div>\n\t\t\t\t<\/div>\n\t\t<div class=\"elementor-element elementor-element-72a0ec8 e-flex e-con-boxed e-con e-parent\" data-id=\"72a0ec8\" data-element_type=\"container\" data-e-type=\"container\">\n\t\t\t\t\t<div class=\"e-con-inner\">\n\t\t\t\t<div class=\"elementor-element elementor-element-28d6c67 elementor-widget elementor-widget-spacer\" data-id=\"28d6c67\" data-element_type=\"widget\" data-e-type=\"widget\" data-widget_type=\"spacer.default\">\n\t\t\t\t\t\t\t<div class=\"elementor-spacer\">\n\t\t\t<div class=\"elementor-spacer-inner\"><\/div>\n\t\t<\/div>\n\t\t\t\t\t\t<\/div>\n\t\t\t\t\t<\/div>\n\t\t\t\t<\/div>\n\t\t\t\t<\/div>\n\t\t","protected":false},"excerpt":{"rendered":"<p>Gardons le contact ! Une question ? Un projet ? N&rsquo;h\u00e9sitez pas \u00e0 nous contacter. GAUCHE64 \u2013 Groupe des \u00e9lus de gauche du D\u00e9partement des Pyr\u00e9n\u00e9es-AtlantiquesAdresse : 64 Avenue Jean Biray, 64000 PauT\u00e9l\u00e9phone : 05 59 11 44 89 contact@gauche64.com \u00a0<\/p>\n","protected":false},"author":2,"featured_media":0,"parent":0,"menu_order":0,"comment_status":"closed","ping_status":"closed","template":"elementor_header_footer","meta":{"_kad_post_transparent":"","_kad_post_title":"","_kad_post_layout":"","_kad_post_sidebar_id":"","_kad_post_content_style":"","_kad_post_vertical_padding":"","_kad_post_feature":"","_kad_post_feature_position":"","_kad_post_header":false,"_kad_post_footer":false,"_kad_post_classname":"","footnotes":""},"class_list":["post-5631","page","type-page","status-publish","hentry"],"yoast_head":"<!-- This site is optimized with the Yoast SEO plugin v27.3 - https:\/\/yoast.com\/product\/yoast-seo-wordpress\/ -->\n<title>CONTACT - gauche64<\/title>\n<meta name=\"robots\" content=\"index, follow, max-snippet:-1, max-image-preview:large, max-video-preview:-1\" \/>\n<link rel=\"canonical\" href=\"https:\/\/gauche64.com\/?page_id=5631\" \/>\n<meta property=\"og:locale\" content=\"fr_FR\" \/>\n<meta property=\"og:type\" content=\"article\" \/>\n<meta property=\"og:title\" content=\"CONTACT - gauche64\" \/>\n<meta property=\"og:description\" content=\"Gardons le contact ! Une question ? Un projet ? N&rsquo;h\u00e9sitez pas \u00e0 nous contacter. GAUCHE64 \u2013 Groupe des \u00e9lus de gauche du D\u00e9partement des Pyr\u00e9n\u00e9es-AtlantiquesAdresse : 64 Avenue Jean Biray, 64000 PauT\u00e9l\u00e9phone : 05 59 11 44 89 contact@gauche64.com \u00a0\" \/>\n<meta property=\"og:url\" content=\"https:\/\/gauche64.com\/?page_id=5631\" \/>\n<meta property=\"og:site_name\" content=\"gauche64\" \/>\n<meta property=\"article:publisher\" content=\"https:\/\/www.facebook.com\/gauche64\" \/>\n<meta property=\"article:modified_time\" content=\"2025-10-27T20:25:41+00:00\" \/>\n<meta name=\"twitter:card\" content=\"summary_large_image\" \/>\n<meta name=\"twitter:label1\" content=\"Dur\u00e9e de lecture estim\u00e9e\" \/>\n\t<meta name=\"twitter:data1\" content=\"1 minute\" \/>\n<script type=\"application\/ld+json\" class=\"yoast-schema-graph\">{\"@context\":\"https:\\\/\\\/schema.org\",\"@graph\":[{\"@type\":\"WebPage\",\"@id\":\"https:\\\/\\\/gauche64.com\\\/?page_id=5631\",\"url\":\"https:\\\/\\\/gauche64.com\\\/?page_id=5631\",\"name\":\"CONTACT - gauche64\",\"isPartOf\":{\"@id\":\"https:\\\/\\\/gauche64.com\\\/#website\"},\"datePublished\":\"2017-09-03T00:55:47+00:00\",\"dateModified\":\"2025-10-27T20:25:41+00:00\",\"breadcrumb\":{\"@id\":\"https:\\\/\\\/gauche64.com\\\/?page_id=5631#breadcrumb\"},\"inLanguage\":\"fr-FR\",\"potentialAction\":[{\"@type\":\"ReadAction\",\"target\":[\"https:\\\/\\\/gauche64.com\\\/?page_id=5631\"]}]},{\"@type\":\"BreadcrumbList\",\"@id\":\"https:\\\/\\\/gauche64.com\\\/?page_id=5631#breadcrumb\",\"itemListElement\":[{\"@type\":\"ListItem\",\"position\":1,\"name\":\"Accueil\",\"item\":\"https:\\\/\\\/gauche64.com\\\/\"},{\"@type\":\"ListItem\",\"position\":2,\"name\":\"CONTACT\"}]},{\"@type\":\"WebSite\",\"@id\":\"https:\\\/\\\/gauche64.com\\\/#website\",\"url\":\"https:\\\/\\\/gauche64.com\\\/\",\"name\":\"gauche64\",\"description\":\"Groupe des Elus de Gauche du D\u00e9partement des Pyr\u00e9n\u00e9es-Atlantiques\",\"publisher\":{\"@id\":\"https:\\\/\\\/gauche64.com\\\/#organization\"},\"potentialAction\":[{\"@type\":\"SearchAction\",\"target\":{\"@type\":\"EntryPoint\",\"urlTemplate\":\"https:\\\/\\\/gauche64.com\\\/?s={search_term_string}\"},\"query-input\":{\"@type\":\"PropertyValueSpecification\",\"valueRequired\":true,\"valueName\":\"search_term_string\"}}],\"inLanguage\":\"fr-FR\"},{\"@type\":\"Organization\",\"@id\":\"https:\\\/\\\/gauche64.com\\\/#organization\",\"name\":\"gauche64\",\"url\":\"https:\\\/\\\/gauche64.com\\\/\",\"logo\":{\"@type\":\"ImageObject\",\"inLanguage\":\"fr-FR\",\"@id\":\"https:\\\/\\\/gauche64.com\\\/#\\\/schema\\\/logo\\\/image\\\/\",\"url\":\"https:\\\/\\\/gauche64.com\\\/wp-content\\\/uploads\\\/2025\\\/07\\\/logo-gauche-64-260x60-1.png\",\"contentUrl\":\"https:\\\/\\\/gauche64.com\\\/wp-content\\\/uploads\\\/2025\\\/07\\\/logo-gauche-64-260x60-1.png\",\"width\":260,\"height\":60,\"caption\":\"gauche64\"},\"image\":{\"@id\":\"https:\\\/\\\/gauche64.com\\\/#\\\/schema\\\/logo\\\/image\\\/\"},\"sameAs\":[\"https:\\\/\\\/www.facebook.com\\\/gauche64\"]}]}<\/script>\n<!-- \/ Yoast SEO plugin. -->","yoast_head_json":{"title":"CONTACT - gauche64","robots":{"index":"index","follow":"follow","max-snippet":"max-snippet:-1","max-image-preview":"max-image-preview:large","max-video-preview":"max-video-preview:-1"},"canonical":"https:\/\/gauche64.com\/?page_id=5631","og_locale":"fr_FR","og_type":"article","og_title":"CONTACT - gauche64","og_description":"Gardons le contact ! Une question ? Un projet ? N&rsquo;h\u00e9sitez pas \u00e0 nous contacter. GAUCHE64 \u2013 Groupe des \u00e9lus de gauche du D\u00e9partement des Pyr\u00e9n\u00e9es-AtlantiquesAdresse : 64 Avenue Jean Biray, 64000 PauT\u00e9l\u00e9phone : 05 59 11 44 89 contact@gauche64.com \u00a0","og_url":"https:\/\/gauche64.com\/?page_id=5631","og_site_name":"gauche64","article_publisher":"https:\/\/www.facebook.com\/gauche64","article_modified_time":"2025-10-27T20:25:41+00:00","twitter_card":"summary_large_image","twitter_misc":{"Dur\u00e9e de lecture estim\u00e9e":"1 minute"},"schema":{"@context":"https:\/\/schema.org","@graph":[{"@type":"WebPage","@id":"https:\/\/gauche64.com\/?page_id=5631","url":"https:\/\/gauche64.com\/?page_id=5631","name":"CONTACT - gauche64","isPartOf":{"@id":"https:\/\/gauche64.com\/#website"},"datePublished":"2017-09-03T00:55:47+00:00","dateModified":"2025-10-27T20:25:41+00:00","breadcrumb":{"@id":"https:\/\/gauche64.com\/?page_id=5631#breadcrumb"},"inLanguage":"fr-FR","potentialAction":[{"@type":"ReadAction","target":["https:\/\/gauche64.com\/?page_id=5631"]}]},{"@type":"BreadcrumbList","@id":"https:\/\/gauche64.com\/?page_id=5631#breadcrumb","itemListElement":[{"@type":"ListItem","position":1,"name":"Accueil","item":"https:\/\/gauche64.com\/"},{"@type":"ListItem","position":2,"name":"CONTACT"}]},{"@type":"WebSite","@id":"https:\/\/gauche64.com\/#website","url":"https:\/\/gauche64.com\/","name":"gauche64","description":"Groupe des Elus de Gauche du D\u00e9partement des Pyr\u00e9n\u00e9es-Atlantiques","publisher":{"@id":"https:\/\/gauche64.com\/#organization"},"potentialAction":[{"@type":"SearchAction","target":{"@type":"EntryPoint","urlTemplate":"https:\/\/gauche64.com\/?s={search_term_string}"},"query-input":{"@type":"PropertyValueSpecification","valueRequired":true,"valueName":"search_term_string"}}],"inLanguage":"fr-FR"},{"@type":"Organization","@id":"https:\/\/gauche64.com\/#organization","name":"gauche64","url":"https:\/\/gauche64.com\/","logo":{"@type":"ImageObject","inLanguage":"fr-FR","@id":"https:\/\/gauche64.com\/#\/schema\/logo\/image\/","url":"https:\/\/gauche64.com\/wp-content\/uploads\/2025\/07\/logo-gauche-64-260x60-1.png","contentUrl":"https:\/\/gauche64.com\/wp-content\/uploads\/2025\/07\/logo-gauche-64-260x60-1.png","width":260,"height":60,"caption":"gauche64"},"image":{"@id":"https:\/\/gauche64.com\/#\/schema\/logo\/image\/"},"sameAs":["https:\/\/www.facebook.com\/gauche64"]}]}},"_links":{"self":[{"href":"https:\/\/gauche64.com\/index.php?rest_route=\/wp\/v2\/pages\/5631","targetHints":{"allow":["GET"]}}],"collection":[{"href":"https:\/\/gauche64.com\/index.php?rest_route=\/wp\/v2\/pages"}],"about":[{"href":"https:\/\/gauche64.com\/index.php?rest_route=\/wp\/v2\/types\/page"}],"author":[{"embeddable":true,"href":"https:\/\/gauche64.com\/index.php?rest_route=\/wp\/v2\/users\/2"}],"replies":[{"embeddable":true,"href":"https:\/\/gauche64.com\/index.php?rest_route=%2Fwp%2Fv2%2Fcomments&post=5631"}],"version-history":[{"count":3,"href":"https:\/\/gauche64.com\/index.php?rest_route=\/wp\/v2\/pages\/5631\/revisions"}],"predecessor-version":[{"id":11498,"href":"https:\/\/gauche64.com\/index.php?rest_route=\/wp\/v2\/pages\/5631\/revisions\/11498"}],"wp:attachment":[{"href":"https:\/\/gauche64.com\/index.php?rest_route=%2Fwp%2Fv2%2Fmedia&parent=5631"}],"curies":[{"name":"wp","href":"https:\/\/api.w.org\/{rel}","templated":true}]}}