{"id":10779,"date":"2025-09-15T09:19:10","date_gmt":"2025-09-15T09:19:10","guid":{"rendered":"https:\/\/gauche64.com\/?page_id=10779"},"modified":"2025-10-06T10:14:25","modified_gmt":"2025-10-06T10:14:25","slug":"politique-de-confidentialite","status":"publish","type":"page","link":"https:\/\/gauche64.com\/?page_id=10779","title":{"rendered":"Politique de confidentialit\u00e9"},"content":{"rendered":"\t\t<div data-elementor-type=\"wp-page\" data-elementor-id=\"10779\" class=\"elementor elementor-10779\" data-elementor-post-type=\"page\">\n\t\t\t\t<div class=\"elementor-element elementor-element-e5177ac e-flex e-con-boxed e-con e-parent\" data-id=\"e5177ac\" data-element_type=\"container\" data-e-type=\"container\">\n\t\t\t\t\t<div class=\"e-con-inner\">\n\t\t\t\t<div class=\"elementor-element elementor-element-e06b515 elementor-widget elementor-widget-text-editor\" data-id=\"e06b515\" data-element_type=\"widget\" data-e-type=\"widget\" data-widget_type=\"text-editor.default\">\n\t\t\t\t\t\t\t\t\t<p style=\"text-align: center;\"><strong>Politique de <span style=\"color: #be1e2d;\">Confidentialit\u00e9\u00a0<\/span><\/strong><\/p>\t\t\t\t\t\t\t\t<\/div>\n\t\t\t\t\t<\/div>\n\t\t\t\t<\/div>\n\t\t<div class=\"elementor-element elementor-element-383cff35 e-flex e-con-boxed e-con e-parent\" data-id=\"383cff35\" data-element_type=\"container\" data-e-type=\"container\">\n\t\t\t\t\t<div class=\"e-con-inner\">\n\t\t\t\t<div class=\"elementor-element elementor-element-4b16017a elementor-widget elementor-widget-text-editor\" data-id=\"4b16017a\" data-element_type=\"widget\" data-e-type=\"widget\" data-widget_type=\"text-editor.default\">\n\t\t\t\t\t\t\t\t\t\n<h4 class=\"wp-block-heading\">1. Introduction<\/h4>\n\n<p>La pr\u00e9sente politique de confidentialit\u00e9 a pour but de vous informer sur la mani\u00e8re dont nous, GAUCHE64, recueillons, utilisons, prot\u00e9geons et partageons vos donn\u00e9es personnelles lorsque vous visitez notre site web, <a href=\"https:\/\/gauche64.com\" target=\"_blank\" rel=\"noreferrer noopener\">https:\/\/gauche64.com<\/a>. Nous nous engageons \u00e0 respecter votre vie priv\u00e9e et \u00e0 traiter vos donn\u00e9es personnelles avec la plus grande prudence et en conformit\u00e9 avec les r\u00e9glementations en vigueur, notamment le R\u00e8glement G\u00e9n\u00e9ral sur la Protection des Donn\u00e9es (RGPD).<\/p>\n\n<h4 class=\"wp-block-heading\">2. Donn\u00e9es personnelles que nous collectons<\/h4>\n\n<p>Nous pouvons collecter les types de donn\u00e9es personnelles suivants :<\/p>\n\n<ul class=\"wp-block-list\">\n<li><strong>Informations que vous nous fournissez directement :<\/strong> lorsque vous nous contactez via un formulaire de contact, vous inscrivez \u00e0 notre newsletter, ou laissez un commentaire, nous collectons des donn\u00e9es comme votre nom, votre adresse e-mail, et le contenu de votre message.<\/li>\n\n<li><strong>Donn\u00e9es techniques et d&rsquo;utilisation :<\/strong> des informations relatives \u00e0 la mani\u00e8re dont vous acc\u00e9dez et utilisez notre site web peuvent \u00eatre collect\u00e9es. Cela inclut votre adresse IP, votre type de navigateur, le syst\u00e8me d&rsquo;exploitation, les pages visit\u00e9es, l&rsquo;heure et la date de votre visite, et d&rsquo;autres donn\u00e9es de diagnostic.<\/li>\n<\/ul>\n\n<h4 class=\"wp-block-heading\">3. Comment nous utilisons vos donn\u00e9es<\/h4>\n\n<p>Nous utilisons les donn\u00e9es personnelles que nous collectons pour les finalit\u00e9s suivantes :<\/p>\n\n<ul class=\"wp-block-list\">\n<li><strong>Pour vous fournir les services demand\u00e9s :<\/strong> r\u00e9pondre \u00e0 vos questions, vous envoyer notre newsletter si vous vous y \u00eates abonn\u00e9, ou traiter vos commentaires.<\/li>\n\n<li><strong>Pour am\u00e9liorer notre site web :<\/strong> analyser l&rsquo;utilisation du site pour comprendre comment nos visiteurs naviguent et utilisent notre contenu, ce qui nous aide \u00e0 l&rsquo;am\u00e9liorer.<\/li>\n\n<li><strong>Pour assurer la s\u00e9curit\u00e9 et la conformit\u00e9 :<\/strong> prot\u00e9ger notre site contre les activit\u00e9s frauduleuses, et nous conformer \u00e0 nos obligations l\u00e9gales.<\/li>\n<\/ul>\n\n<h4 class=\"wp-block-heading\">4. Fondements juridiques du traitement<\/h4>\n\n<p>Nous traitons vos donn\u00e9es personnelles sur la base des fondements juridiques suivants :<\/p>\n\n<ul class=\"wp-block-list\">\n<li><strong>Votre consentement :<\/strong> par exemple, lorsque vous cochez une case pour accepter de recevoir notre newsletter.<\/li>\n\n<li><strong>L&rsquo;int\u00e9r\u00eat l\u00e9gitime :<\/strong> pour g\u00e9rer et am\u00e9liorer notre site web.<\/li>\n\n<li><strong>Une obligation l\u00e9gale :<\/strong> par exemple, pour r\u00e9pondre \u00e0 une requ\u00eate de la part des autorit\u00e9s comp\u00e9tentes.<\/li>\n<\/ul>\n\n<h4 class=\"wp-block-heading\">5. Cookies<\/h4>\n\n<p>Notre site web utilise des cookies. Pour une information compl\u00e8te et d\u00e9taill\u00e9e sur les cookies que nous utilisons, leur finalit\u00e9 et la mani\u00e8re de les g\u00e9rer, veuillez consulter notre <strong>[Politique de cookies]<\/strong><\/p>\n\n<h4 class=\"wp-block-heading\">6. Partage de vos donn\u00e9es personnelles<\/h4>\n\n<p>Nous ne vendons, ne louons et ne partageons pas vos donn\u00e9es personnelles avec des tiers \u00e0 des fins de marketing. Cependant, nous pouvons \u00eatre amen\u00e9s \u00e0 partager vos informations avec des fournisseurs de services tiers (h\u00e9bergeur, services d&rsquo;analyse de site) pour nous aider \u00e0 g\u00e9rer et \u00e0 am\u00e9liorer notre site web. Ces tiers sont contractuellement tenus de maintenir la confidentialit\u00e9 de vos donn\u00e9es et de les traiter dans le respect du RGPD.<\/p>\n\n<h4 class=\"wp-block-heading\">7. S\u00e9curit\u00e9 des donn\u00e9es<\/h4>\n\n<p>Nous mettons en \u0153uvre des mesures de s\u00e9curit\u00e9 techniques et organisationnelles pour prot\u00e9ger vos donn\u00e9es personnelles contre l&rsquo;acc\u00e8s non autoris\u00e9, la destruction, l&rsquo;alt\u00e9ration ou la divulgation.<\/p>\n\n<h4 class=\"wp-block-heading\">8. Vos droits<\/h4>\n\n<p>Conform\u00e9ment au RGPD, vous disposez des droits suivants concernant vos donn\u00e9es personnelles :<\/p>\n\n<ul class=\"wp-block-list\">\n<li><strong>Droit d&rsquo;acc\u00e8s :<\/strong> vous pouvez demander une copie de vos donn\u00e9es que nous d\u00e9tenons.<\/li>\n\n<li><strong>Droit de rectification :<\/strong> vous pouvez demander la correction de donn\u00e9es inexactes.<\/li>\n\n<li><strong>Droit \u00e0 l&rsquo;effacement :<\/strong> vous pouvez demander la suppression de vos donn\u00e9es personnelles.<\/li>\n\n<li><strong>Droit \u00e0 la limitation du traitement :<\/strong> vous pouvez demander la suspension du traitement de vos donn\u00e9es.<\/li>\n\n<li><strong>Droit \u00e0 la portabilit\u00e9 :<\/strong> vous pouvez demander \u00e0 recevoir vos donn\u00e9es dans un format structur\u00e9 et couramment utilis\u00e9.<\/li>\n\n<li><strong>Droit d&rsquo;opposition :<\/strong> vous pouvez vous opposer au traitement de vos donn\u00e9es pour des raisons l\u00e9gitimes.<\/li>\n<\/ul>\n\n<p>Pour exercer ces droits, veuillez nous contacter \u00e0 l&rsquo;adresse e-mail indiqu\u00e9e dans la section \u00ab\u00a0Contact\u00a0\u00bb ci-dessous.<br \/>Vous pouvez aussi exercer vos droits directement depuis ce formulaire : <a href=\"https:\/\/gauche64.com\/gestion-de-vos-donnees-personnelles\/\">Gestion de mes donn\u00e9es personnelles<\/a>.<\/p>\n\n<h4 class=\"wp-block-heading\">9. Modifications de cette politique<\/h4>\n\n<p>Nous pouvons mettre \u00e0 jour cette politique de confidentialit\u00e9 de temps \u00e0 autre. Nous vous informerons de toute modification en publiant la nouvelle version sur cette page.<\/p>\n\n<h4 class=\"wp-block-heading\">10. Contact<\/h4>\n\n<p>Si vous avez des questions concernant cette politique de confidentialit\u00e9 ou si vous souhaitez exercer vos droits, vous pouvez nous contacter \u00e0 l&rsquo;adresse suivante : <a href=\"mailto:contact@gauche64.com\">contact@gauche64.com<\/a>.<\/p>\n\n<p><strong>Derni\u00e8re mise \u00e0 jour :<\/strong> 15 septembre 2025<\/p>\n\t\t\t\t\t\t\t\t<\/div>\n\t\t\t\t\t<\/div>\n\t\t\t\t<\/div>\n\t\t\t\t<\/div>\n\t\t","protected":false},"excerpt":{"rendered":"<p>Politique de Confidentialit\u00e9\u00a0 1. Introduction La pr\u00e9sente politique de confidentialit\u00e9 a pour but de vous informer sur la mani\u00e8re dont nous, GAUCHE64, recueillons, utilisons, prot\u00e9geons et partageons vos donn\u00e9es personnelles lorsque vous visitez notre site web, https:\/\/gauche64.com. Nous nous engageons \u00e0 respecter votre vie priv\u00e9e et \u00e0 traiter vos donn\u00e9es personnelles avec la plus grande&#8230;<\/p>\n","protected":false},"author":2,"featured_media":0,"parent":0,"menu_order":0,"comment_status":"closed","ping_status":"closed","template":"elementor_header_footer","meta":{"_kad_post_transparent":"","_kad_post_title":"","_kad_post_layout":"","_kad_post_sidebar_id":"","_kad_post_content_style":"","_kad_post_vertical_padding":"","_kad_post_feature":"","_kad_post_feature_position":"","_kad_post_header":false,"_kad_post_footer":false,"_kad_post_classname":"","footnotes":""},"class_list":["post-10779","page","type-page","status-publish","hentry"],"yoast_head":"<!-- This site is optimized with the Yoast SEO plugin v27.3 - https:\/\/yoast.com\/product\/yoast-seo-wordpress\/ -->\n<title>Politique de confidentialit\u00e9 - gauche64<\/title>\n<meta name=\"robots\" content=\"index, follow, max-snippet:-1, max-image-preview:large, max-video-preview:-1\" \/>\n<link rel=\"canonical\" href=\"https:\/\/gauche64.com\/?page_id=10779\" \/>\n<meta property=\"og:locale\" content=\"fr_FR\" \/>\n<meta property=\"og:type\" content=\"article\" \/>\n<meta property=\"og:title\" content=\"Politique de confidentialit\u00e9 - gauche64\" \/>\n<meta property=\"og:description\" content=\"Politique de Confidentialit\u00e9\u00a0 1. Introduction La pr\u00e9sente politique de confidentialit\u00e9 a pour but de vous informer sur la mani\u00e8re dont nous, GAUCHE64, recueillons, utilisons, prot\u00e9geons et partageons vos donn\u00e9es personnelles lorsque vous visitez notre site web, https:\/\/gauche64.com. Nous nous engageons \u00e0 respecter votre vie priv\u00e9e et \u00e0 traiter vos donn\u00e9es personnelles avec la plus grande...\" \/>\n<meta property=\"og:url\" content=\"https:\/\/gauche64.com\/?page_id=10779\" \/>\n<meta property=\"og:site_name\" content=\"gauche64\" \/>\n<meta property=\"article:publisher\" content=\"https:\/\/www.facebook.com\/gauche64\" \/>\n<meta property=\"article:modified_time\" content=\"2025-10-06T10:14:25+00:00\" \/>\n<meta name=\"twitter:card\" content=\"summary_large_image\" \/>\n<meta name=\"twitter:label1\" content=\"Dur\u00e9e de lecture estim\u00e9e\" \/>\n\t<meta name=\"twitter:data1\" content=\"4 minutes\" \/>\n<script type=\"application\/ld+json\" class=\"yoast-schema-graph\">{\"@context\":\"https:\\\/\\\/schema.org\",\"@graph\":[{\"@type\":\"WebPage\",\"@id\":\"https:\\\/\\\/gauche64.com\\\/?page_id=10779\",\"url\":\"https:\\\/\\\/gauche64.com\\\/?page_id=10779\",\"name\":\"Politique de confidentialit\u00e9 - gauche64\",\"isPartOf\":{\"@id\":\"https:\\\/\\\/gauche64.com\\\/#website\"},\"datePublished\":\"2025-09-15T09:19:10+00:00\",\"dateModified\":\"2025-10-06T10:14:25+00:00\",\"breadcrumb\":{\"@id\":\"https:\\\/\\\/gauche64.com\\\/?page_id=10779#breadcrumb\"},\"inLanguage\":\"fr-FR\",\"potentialAction\":[{\"@type\":\"ReadAction\",\"target\":[\"https:\\\/\\\/gauche64.com\\\/?page_id=10779\"]}]},{\"@type\":\"BreadcrumbList\",\"@id\":\"https:\\\/\\\/gauche64.com\\\/?page_id=10779#breadcrumb\",\"itemListElement\":[{\"@type\":\"ListItem\",\"position\":1,\"name\":\"Accueil\",\"item\":\"https:\\\/\\\/gauche64.com\\\/\"},{\"@type\":\"ListItem\",\"position\":2,\"name\":\"Politique de confidentialit\u00e9\"}]},{\"@type\":\"WebSite\",\"@id\":\"https:\\\/\\\/gauche64.com\\\/#website\",\"url\":\"https:\\\/\\\/gauche64.com\\\/\",\"name\":\"gauche64\",\"description\":\"Groupe des Elus de Gauche du D\u00e9partement des Pyr\u00e9n\u00e9es-Atlantiques\",\"publisher\":{\"@id\":\"https:\\\/\\\/gauche64.com\\\/#organization\"},\"potentialAction\":[{\"@type\":\"SearchAction\",\"target\":{\"@type\":\"EntryPoint\",\"urlTemplate\":\"https:\\\/\\\/gauche64.com\\\/?s={search_term_string}\"},\"query-input\":{\"@type\":\"PropertyValueSpecification\",\"valueRequired\":true,\"valueName\":\"search_term_string\"}}],\"inLanguage\":\"fr-FR\"},{\"@type\":\"Organization\",\"@id\":\"https:\\\/\\\/gauche64.com\\\/#organization\",\"name\":\"gauche64\",\"url\":\"https:\\\/\\\/gauche64.com\\\/\",\"logo\":{\"@type\":\"ImageObject\",\"inLanguage\":\"fr-FR\",\"@id\":\"https:\\\/\\\/gauche64.com\\\/#\\\/schema\\\/logo\\\/image\\\/\",\"url\":\"https:\\\/\\\/gauche64.com\\\/wp-content\\\/uploads\\\/2025\\\/07\\\/logo-gauche-64-260x60-1.png\",\"contentUrl\":\"https:\\\/\\\/gauche64.com\\\/wp-content\\\/uploads\\\/2025\\\/07\\\/logo-gauche-64-260x60-1.png\",\"width\":260,\"height\":60,\"caption\":\"gauche64\"},\"image\":{\"@id\":\"https:\\\/\\\/gauche64.com\\\/#\\\/schema\\\/logo\\\/image\\\/\"},\"sameAs\":[\"https:\\\/\\\/www.facebook.com\\\/gauche64\"]}]}<\/script>\n<!-- \/ Yoast SEO plugin. -->","yoast_head_json":{"title":"Politique de confidentialit\u00e9 - gauche64","robots":{"index":"index","follow":"follow","max-snippet":"max-snippet:-1","max-image-preview":"max-image-preview:large","max-video-preview":"max-video-preview:-1"},"canonical":"https:\/\/gauche64.com\/?page_id=10779","og_locale":"fr_FR","og_type":"article","og_title":"Politique de confidentialit\u00e9 - gauche64","og_description":"Politique de Confidentialit\u00e9\u00a0 1. Introduction La pr\u00e9sente politique de confidentialit\u00e9 a pour but de vous informer sur la mani\u00e8re dont nous, GAUCHE64, recueillons, utilisons, prot\u00e9geons et partageons vos donn\u00e9es personnelles lorsque vous visitez notre site web, https:\/\/gauche64.com. Nous nous engageons \u00e0 respecter votre vie priv\u00e9e et \u00e0 traiter vos donn\u00e9es personnelles avec la plus grande...","og_url":"https:\/\/gauche64.com\/?page_id=10779","og_site_name":"gauche64","article_publisher":"https:\/\/www.facebook.com\/gauche64","article_modified_time":"2025-10-06T10:14:25+00:00","twitter_card":"summary_large_image","twitter_misc":{"Dur\u00e9e de lecture estim\u00e9e":"4 minutes"},"schema":{"@context":"https:\/\/schema.org","@graph":[{"@type":"WebPage","@id":"https:\/\/gauche64.com\/?page_id=10779","url":"https:\/\/gauche64.com\/?page_id=10779","name":"Politique de confidentialit\u00e9 - gauche64","isPartOf":{"@id":"https:\/\/gauche64.com\/#website"},"datePublished":"2025-09-15T09:19:10+00:00","dateModified":"2025-10-06T10:14:25+00:00","breadcrumb":{"@id":"https:\/\/gauche64.com\/?page_id=10779#breadcrumb"},"inLanguage":"fr-FR","potentialAction":[{"@type":"ReadAction","target":["https:\/\/gauche64.com\/?page_id=10779"]}]},{"@type":"BreadcrumbList","@id":"https:\/\/gauche64.com\/?page_id=10779#breadcrumb","itemListElement":[{"@type":"ListItem","position":1,"name":"Accueil","item":"https:\/\/gauche64.com\/"},{"@type":"ListItem","position":2,"name":"Politique de confidentialit\u00e9"}]},{"@type":"WebSite","@id":"https:\/\/gauche64.com\/#website","url":"https:\/\/gauche64.com\/","name":"gauche64","description":"Groupe des Elus de Gauche du D\u00e9partement des Pyr\u00e9n\u00e9es-Atlantiques","publisher":{"@id":"https:\/\/gauche64.com\/#organization"},"potentialAction":[{"@type":"SearchAction","target":{"@type":"EntryPoint","urlTemplate":"https:\/\/gauche64.com\/?s={search_term_string}"},"query-input":{"@type":"PropertyValueSpecification","valueRequired":true,"valueName":"search_term_string"}}],"inLanguage":"fr-FR"},{"@type":"Organization","@id":"https:\/\/gauche64.com\/#organization","name":"gauche64","url":"https:\/\/gauche64.com\/","logo":{"@type":"ImageObject","inLanguage":"fr-FR","@id":"https:\/\/gauche64.com\/#\/schema\/logo\/image\/","url":"https:\/\/gauche64.com\/wp-content\/uploads\/2025\/07\/logo-gauche-64-260x60-1.png","contentUrl":"https:\/\/gauche64.com\/wp-content\/uploads\/2025\/07\/logo-gauche-64-260x60-1.png","width":260,"height":60,"caption":"gauche64"},"image":{"@id":"https:\/\/gauche64.com\/#\/schema\/logo\/image\/"},"sameAs":["https:\/\/www.facebook.com\/gauche64"]}]}},"_links":{"self":[{"href":"https:\/\/gauche64.com\/index.php?rest_route=\/wp\/v2\/pages\/10779","targetHints":{"allow":["GET"]}}],"collection":[{"href":"https:\/\/gauche64.com\/index.php?rest_route=\/wp\/v2\/pages"}],"about":[{"href":"https:\/\/gauche64.com\/index.php?rest_route=\/wp\/v2\/types\/page"}],"author":[{"embeddable":true,"href":"https:\/\/gauche64.com\/index.php?rest_route=\/wp\/v2\/users\/2"}],"replies":[{"embeddable":true,"href":"https:\/\/gauche64.com\/index.php?rest_route=%2Fwp%2Fv2%2Fcomments&post=10779"}],"version-history":[{"count":3,"href":"https:\/\/gauche64.com\/index.php?rest_route=\/wp\/v2\/pages\/10779\/revisions"}],"predecessor-version":[{"id":10995,"href":"https:\/\/gauche64.com\/index.php?rest_route=\/wp\/v2\/pages\/10779\/revisions\/10995"}],"wp:attachment":[{"href":"https:\/\/gauche64.com\/index.php?rest_route=%2Fwp%2Fv2%2Fmedia&parent=10779"}],"curies":[{"name":"wp","href":"https:\/\/api.w.org\/{rel}","templated":true}]}}